{"id":3808,"date":"2018-07-13T14:35:38","date_gmt":"2018-07-13T12:35:38","guid":{"rendered":"http:\/\/www.c-intereg.es\/metodologia\/"},"modified":"2019-03-15T17:12:44","modified_gmt":"2019-03-15T16:12:44","slug":"methodology","status":"publish","type":"page","link":"https:\/\/www.c-intereg.es\/en\/methodology\/","title":{"rendered":"Methodology"},"content":{"rendered":"[vc_row type=&#8221;full_width_background&#8221; full_screen_row_position=&#8221;middle&#8221; bg_color=&#8221;#ffffff&#8221; scene_position=&#8221;center&#8221; text_color=&#8221;dark&#8221; text_align=&#8221;left&#8221; top_padding=&#8221;2%&#8221; bottom_padding=&#8221;4%&#8221; overlay_strength=&#8221;0.3&#8243; shape_divider_position=&#8221;bottom&#8221; bg_image_animation=&#8221;none&#8221; shape_type=&#8221;&#8221;][vc_column column_padding=&#8221;no-extra-padding&#8221; column_padding_position=&#8221;all&#8221; background_color_opacity=&#8221;1&#8243; background_hover_color_opacity=&#8221;1&#8243; column_link_target=&#8221;_self&#8221; column_shadow=&#8221;none&#8221; column_border_radius=&#8221;none&#8221; width=&#8221;1\/1&#8243; tablet_width_inherit=&#8221;default&#8221; tablet_text_alignment=&#8221;default&#8221; phone_text_alignment=&#8221;default&#8221; column_border_width=&#8221;none&#8221; column_border_style=&#8221;solid&#8221; bg_image_animation=&#8221;none&#8221;][vc_row_inner column_margin=&#8221;default&#8221; text_align=&#8221;left&#8221;][vc_column_inner column_padding=&#8221;no-extra-padding&#8221; column_padding_position=&#8221;all&#8221; background_color_opacity=&#8221;1&#8243; background_hover_color_opacity=&#8221;1&#8243; column_shadow=&#8221;none&#8221; column_border_radius=&#8221;none&#8221; column_link_target=&#8221;_self&#8221; width=&#8221;1\/6&#8243; tablet_width_inherit=&#8221;default&#8221; column_border_width=&#8221;none&#8221; column_border_style=&#8221;solid&#8221; bg_image_animation=&#8221;none&#8221;][\/vc_column_inner][vc_column_inner column_padding=&#8221;no-extra-padding&#8221; column_padding_position=&#8221;all&#8221; background_color_opacity=&#8221;1&#8243; background_hover_color_opacity=&#8221;1&#8243; column_shadow=&#8221;none&#8221; column_border_radius=&#8221;none&#8221; column_link_target=&#8221;_self&#8221; width=&#8221;2\/3&#8243; tablet_width_inherit=&#8221;default&#8221; column_border_width=&#8221;none&#8221; column_border_style=&#8221;solid&#8221; bg_image_animation=&#8221;none&#8221;][recent_posts style=&#8221;minimal&#8221; category=&#8221;metodologia&#8221; columns=&#8221;2&#8243; order=&#8221;DESC&#8221; orderby=&#8221;date&#8221; posts_per_page=&#8221;2&#8243;][\/vc_column_inner][vc_column_inner column_padding=&#8221;no-extra-padding&#8221; column_padding_position=&#8221;all&#8221; background_color_opacity=&#8221;1&#8243; background_hover_color_opacity=&#8221;1&#8243; column_shadow=&#8221;none&#8221; column_border_radius=&#8221;none&#8221; column_link_target=&#8221;_self&#8221; width=&#8221;1\/6&#8243; tablet_width_inherit=&#8221;default&#8221; column_border_width=&#8221;none&#8221; column_border_style=&#8221;solid&#8221; bg_image_animation=&#8221;none&#8221;][\/vc_column_inner][\/vc_row_inner][\/vc_column][\/vc_row][vc_row type=&#8221;full_width_background&#8221; full_screen_row_position=&#8221;middle&#8221; bg_color=&#8221;#ffffff&#8221; scene_position=&#8221;center&#8221; text_color=&#8221;dark&#8221; text_align=&#8221;left&#8221; bottom_padding=&#8221;148&#8243; overlay_strength=&#8221;0.3&#8243; shape_divider_position=&#8221;bottom&#8221; bg_image_animation=&#8221;none&#8221; shape_type=&#8221;&#8221;][vc_column column_padding=&#8221;padding-6-percent&#8221; column_padding_position=&#8221;left-right&#8221; background_color_opacity=&#8221;1&#8243; background_hover_color_opacity=&#8221;1&#8243; column_link_target=&#8221;_self&#8221; column_shadow=&#8221;none&#8221; column_border_radius=&#8221;none&#8221; width=&#8221;1\/1&#8243; tablet_width_inherit=&#8221;default&#8221; tablet_text_alignment=&#8221;default&#8221; phone_text_alignment=&#8221;default&#8221; column_border_width=&#8221;none&#8221; column_border_style=&#8221;solid&#8221; bg_image_animation=&#8221;none&#8221;][vc_column_text css=&#8221;.vc_custom_1552666353015{padding-bottom: 1.4em !important;}&#8221;]\n<h3>Articles and documents related to C-intereg<\/h3>\n[\/vc_column_text]<div class=\"nectar-fancy-ul\" data-list-icon=\"fa fa-chevron-right\" data-animation=\"false\" data-animation-delay=\"0\" data-color=\"accent-color\" data-spacing=\"default\" data-alignment=\"left\"> \n<ul>\n<li>Conde\u00e7o-Melhorado, Guti\u00e9rrez, J. and Garc\u00eda-Palomares, J.C. (2010): Spatial impacts of road pricing: Accessibility, regional spillovers and territorial cohesion. Transportation Research A. Aceptado.<\/li>\n<li>De la Mata, T; Llano (2009): \u201cModelo gravitatorio y turismo: una aplicaci\u00f3n al comercio inter-regional del sector Turismo en Espa\u00f1a\u201d. Revista de Estudios Regionales. En imprenta.<\/li>\n<li>Ghemawat P., Llano C., Requena F., (2010): \u201cCompetitiveness and interregional as well as international trade: The case of Catalonia\u201d. International Journal of Industrial Organization. International Journal of Industrial Organization 28 (2010) 415\u2013422.<\/li>\n<li>Llano C.; Esteban, A., P\u00e9rez, J., Pulido, A. (2008): \u201cOpening The Interregional Trade \u201cBlack Box\u201d: The C-Intereg Database For The Spanish Economy (1995-2005)\u201d. International Regional Science Review. Doi:10.1177\/0160017610370701.<\/li>\n<li>Llano C.; Esteban, A., P\u00e9rez, J., Pulido, A. (2008): \u201cLa base de datos C-intereg sobre el comercio interregional de bienes en Espa\u00f1a: metodolog\u00eda y primeros resultados (1995-06)\u201d. Ekonomiaz. Revista Vasca de Econom\u00eda. N\u00ba 69. Vol.III, pp. 244-270.<\/li>\n<li>Requena F.; Llano C. (2010): \u201cThe Border Effects in Spain: An Industry-Level Analysis\u201d. Empirica. DOI: 10.1007\/s10663-010-9123-6.<\/li>\n<\/ul>\n <\/div>[vc_column_text css=&#8221;.vc_custom_1552666364751{padding-bottom: 1.4em !important;}&#8221;]\n<h3>Other documents related to interregional trade<\/h3>\n[\/vc_column_text]<div class=\"nectar-fancy-ul\" data-list-icon=\"fa fa-chevron-right\" data-animation=\"false\" data-animation-delay=\"0\" data-color=\"accent-color\" data-spacing=\"default\" data-alignment=\"left\"> \n<ul>\n<li>Llano, C. (2009) \u201cEfectos de desbordamiento interregional en Espa\u00f1a: Una estimaci\u00f3n a trav\u00e9s del modelo input-output interregional\u201d. Investigaciones Regionales. Nota. N\u00ba16 &#8211; Oto\u00f1o 2009, pp: 181-188.<\/li>\n<li>Llano C., de la Mata, T. (2009): \u201cEl comercio interregional en Espa\u00f1a: una primera estimaci\u00f3n de los flujos bilaterales del sector turismo\u201d. Revista del ICE. N\u00ba 848. Mayo-Junio 2009. pp, 67-88.<\/li>\n<li>P\u00e9rez, J. Dones, M., Llano, C. (2009): \u201cAn interregional impact analysis of the EU Structural Funds in Spain (1995-1999)\u201d. Papers in Regional Science. August, v. 88, iss. 3, pp.509-529.<\/li>\n<li>P\u00e9rez J., Llano C., Garc\u00eda G. (2009):\u201cValoraci\u00f3n de las tablas input-output interregionales de la econom\u00eda espa\u00f1ola\u201d. Revista del ICE. N\u00ba 848. Mayo-Junio 2009. pp, 37-66.<\/li>\n<li>Llano, C; de la Mata, T (2009): \u201cEl comercio intra e inter-regional del sector Turismo en Espa\u00f1a\u201d. Documentos de Trabajo, FUNCAS, febrero, n\u00famero 446, pp. 1-66.<\/li>\n<li>Gil, S., Llorca, R., Mart\u00ednez, J.A. y Oliver, J. (2006), \u201cThe Border Effect in Spain\u201d, The World Economy, 28, 1617-1631.<\/li>\n<li>Llano, C. (2004): &#8220;Econom\u00eda Espacial y Sectorial: el Comercio Interregional en el marco Input-Output&#8221;. Instituto de Estudios Fiscales. Ministerio de Econom\u00eda y Hacienda. Colecci\u00f3n Investigaciones: N\u00ba1\/2004.\u00a0<a href=\"http:\/\/www.ief.es\/\">http:\/\/www.ief.es<\/a>\u00a0(publicaciones&gt;investigaciones&gt;2004)<\/li>\n<li>Llano C. (2004): &#8220;The interregional trade in the context of a multirregional input-output model for Spain&#8221;. Revista de Estudios de Econom\u00eda Aplicada. Vol.22-3, 2004. Art 22302.\u00a0<a href=\"http:\/\/www.revista-eea.net\/\">http:\/\/www.revista-eea.net\/<\/a><\/li>\n<li>Minondo, A. (2003), \u201cComercio internacional y efecto frontera en el Pa\u00eds Vasco\u201d, Revista de Econom\u00eda Aplicada, 11 (32), 115-134.<\/li>\n<li>Oliver, J., Luria J, Roca A., P\u00e9rez J. (2003), en &#8220;La apertura exterior de las regiones en Espa\u00f1a: Evoluci\u00f3n del comercio interregional e internacional de las Comunidades Aut\u00f3nomas. 1995-1998&#8221;. Institu d\u00c9studis Auton\u00f2mics. Generalitat de Catalunya. Ed Tirant lo blanch. Valencia.<\/li>\n<li>Pulido A., L\u00f3pez A., Llano C., (2002): &#8220;La Balanza Comercial con el Resto de Espa\u00f1a (1999-2001)&#8221; en Mella J. M. y Sanz B.,&#8221;La Balanza de Pagos de la Comunidad de Madrid (1999-2000)&#8221;. Editorial Civitas. Colecci\u00f3n Econom\u00eda y Empresa.<\/li>\n<li>Pulido A.; Llano C. (2002): &#8220;Estructura espacial y sectorial del comercio de Andaluc\u00eda y su efecto sobre el crecimiento&#8221;. Bolet\u00edn Econ\u00f3mico de Andaluc\u00eda. Consejer\u00eda de Econom\u00eda y Hacienda. N\u00ba 31-32.<\/li>\n<li>Llano C. (2001): &#8220;El comercio interregional en Espa\u00f1a&#8221;. Fuentes Estad\u00edsticas (INE). Revista N\u00ba59 \u2013 Nov.<\/li>\n<li>Pulido A., L\u00f3pez A., Llano C. (2000): &#8220;La Balanza Comercial con el Resto de Espa\u00f1a (1995-1998)&#8221; en Mella J. M. y Sanz B., &#8220;La Balanza de Pagos de la Comunidad de Madrid (1995-1998)&#8221;. Editorial Civitas. Colecci\u00f3n Econom\u00eda y Empresa.<\/li>\n<li>Oliver, J. (1997), La balan\u00e7a comercial amb la resta de l\u2019Estat\u201d, en La Balan\u00e7a de Pagaments de Catalunya: Una aproximaci\u00f3 als fluxos econom\u00f2mics amb la resta d\u00c9spanya il`estranger (1993-1994). Institut d\u2019Estudis Auton\u00f2mics, Generalitat de Catalunya, pp. 17-75.<\/li>\n<li>Parellada, M (1982): &#8220;El comer\u00e7 exterior de Catalunya. Els fluxos comercials entre Catalunya i la resta d\u00b4Espanya (1975) i entre Catalunya i l\u00b4estranger (1975-78), Edicions 62, Barcelona.<\/li>\n<li>Parellada, M. (1980): &#8220;Los flujos comerciales entre Catalu\u00f1a y el Resto de Espa\u00f1a (1975)&#8221;, Revista Econ\u00f3mica de Banca Catalana, n\u00ba58, pp 1-11.<\/li>\n<\/ul>\n <\/div>[\/vc_column][\/vc_row]\n","protected":false},"excerpt":{"rendered":"<p>[vc_row type=&#8221;full_width_background&#8221; full_screen_row_position=&#8221;middle&#8221; bg_color=&#8221;#ffffff&#8221; scene_position=&#8221;center&#8221; text_color=&#8221;dark&#8221; text_align=&#8221;left&#8221; top_padding=&#8221;2%&#8221; bottom_padding=&#8221;4%&#8221; overlay_strength=&#8221;0.3&#8243; shape_divider_position=&#8221;bottom&#8221; bg_image_animation=&#8221;none&#8221; shape_type=&#8221;&#8221;][vc_column column_padding=&#8221;no-extra-padding&#8221; column_padding_position=&#8221;all&#8221; background_color_opacity=&#8221;1&#8243; background_hover_color_opacity=&#8221;1&#8243; column_link_target=&#8221;_self&#8221;&#8230;<\/p>\n","protected":false},"author":1,"featured_media":0,"parent":0,"menu_order":14,"comment_status":"open","ping_status":"open","template":"","meta":{"_monsterinsights_skip_tracking":false,"_monsterinsights_sitenote_active":false,"_monsterinsights_sitenote_note":"","_monsterinsights_sitenote_category":0,"footnotes":""},"class_list":["post-3808","page","type-page","status-publish"],"yoast_head":"<!-- This site is optimized with the Yoast SEO plugin v27.2 - https:\/\/yoast.com\/product\/yoast-seo-wordpress\/ -->\n<title>Methodology - C-Intereg<\/title>\n<meta name=\"robots\" content=\"index, follow, max-snippet:-1, max-image-preview:large, max-video-preview:-1\" \/>\n<link rel=\"canonical\" href=\"https:\/\/www.c-intereg.es\/en\/methodology\/\" \/>\n<meta property=\"og:locale\" content=\"en_US\" \/>\n<meta property=\"og:type\" content=\"article\" \/>\n<meta property=\"og:title\" content=\"Methodology - C-Intereg\" \/>\n<meta property=\"og:description\" content=\"[vc_row type=&#8221;full_width_background&#8221; full_screen_row_position=&#8221;middle&#8221; bg_color=&#8221;#ffffff&#8221; scene_position=&#8221;center&#8221; text_color=&#8221;dark&#8221; text_align=&#8221;left&#8221; top_padding=&#8221;2%&#8221; bottom_padding=&#8221;4%&#8221; overlay_strength=&#8221;0.3&#8243; shape_divider_position=&#8221;bottom&#8221; bg_image_animation=&#8221;none&#8221; shape_type=&#8221;&#8221;][vc_column column_padding=&#8221;no-extra-padding&#8221; column_padding_position=&#8221;all&#8221; background_color_opacity=&#8221;1&#8243; background_hover_color_opacity=&#8221;1&#8243; column_link_target=&#8221;_self&#8221;...\" \/>\n<meta property=\"og:url\" content=\"https:\/\/www.c-intereg.es\/en\/methodology\/\" \/>\n<meta property=\"og:site_name\" content=\"C-Intereg\" \/>\n<meta property=\"article:modified_time\" content=\"2019-03-15T16:12:44+00:00\" \/>\n<meta name=\"twitter:card\" content=\"summary_large_image\" \/>\n<meta name=\"twitter:label1\" content=\"Est. reading time\" \/>\n\t<meta name=\"twitter:data1\" content=\"6 minutes\" \/>\n<script type=\"application\/ld+json\" class=\"yoast-schema-graph\">{\"@context\":\"https:\/\/schema.org\",\"@graph\":[{\"@type\":\"WebPage\",\"@id\":\"https:\/\/www.c-intereg.es\/en\/methodology\/\",\"url\":\"https:\/\/www.c-intereg.es\/en\/methodology\/\",\"name\":\"Methodology - C-Intereg\",\"isPartOf\":{\"@id\":\"https:\/\/www.c-intereg.es\/en\/#website\"},\"datePublished\":\"2018-07-13T12:35:38+00:00\",\"dateModified\":\"2019-03-15T16:12:44+00:00\",\"breadcrumb\":{\"@id\":\"https:\/\/www.c-intereg.es\/en\/methodology\/#breadcrumb\"},\"inLanguage\":\"en-US\",\"potentialAction\":[{\"@type\":\"ReadAction\",\"target\":[\"https:\/\/www.c-intereg.es\/en\/methodology\/\"]}]},{\"@type\":\"BreadcrumbList\",\"@id\":\"https:\/\/www.c-intereg.es\/en\/methodology\/#breadcrumb\",\"itemListElement\":[{\"@type\":\"ListItem\",\"position\":1,\"name\":\"Portada\",\"item\":\"https:\/\/www.c-intereg.es\/en\/\"},{\"@type\":\"ListItem\",\"position\":2,\"name\":\"Methodology\"}]},{\"@type\":\"WebSite\",\"@id\":\"https:\/\/www.c-intereg.es\/en\/#website\",\"url\":\"https:\/\/www.c-intereg.es\/en\/\",\"name\":\"C-Intereg\",\"description\":\"An\u00e1lisis del comercio interregional espa\u00f1ol\",\"potentialAction\":[{\"@type\":\"SearchAction\",\"target\":{\"@type\":\"EntryPoint\",\"urlTemplate\":\"https:\/\/www.c-intereg.es\/en\/?s={search_term_string}\"},\"query-input\":{\"@type\":\"PropertyValueSpecification\",\"valueRequired\":true,\"valueName\":\"search_term_string\"}}],\"inLanguage\":\"en-US\"}]}<\/script>\n<!-- \/ Yoast SEO plugin. -->","yoast_head_json":{"title":"Methodology - C-Intereg","robots":{"index":"index","follow":"follow","max-snippet":"max-snippet:-1","max-image-preview":"max-image-preview:large","max-video-preview":"max-video-preview:-1"},"canonical":"https:\/\/www.c-intereg.es\/en\/methodology\/","og_locale":"en_US","og_type":"article","og_title":"Methodology - C-Intereg","og_description":"[vc_row type=&#8221;full_width_background&#8221; full_screen_row_position=&#8221;middle&#8221; bg_color=&#8221;#ffffff&#8221; scene_position=&#8221;center&#8221; text_color=&#8221;dark&#8221; text_align=&#8221;left&#8221; top_padding=&#8221;2%&#8221; bottom_padding=&#8221;4%&#8221; overlay_strength=&#8221;0.3&#8243; shape_divider_position=&#8221;bottom&#8221; bg_image_animation=&#8221;none&#8221; shape_type=&#8221;&#8221;][vc_column column_padding=&#8221;no-extra-padding&#8221; column_padding_position=&#8221;all&#8221; background_color_opacity=&#8221;1&#8243; background_hover_color_opacity=&#8221;1&#8243; column_link_target=&#8221;_self&#8221;...","og_url":"https:\/\/www.c-intereg.es\/en\/methodology\/","og_site_name":"C-Intereg","article_modified_time":"2019-03-15T16:12:44+00:00","twitter_card":"summary_large_image","twitter_misc":{"Est. reading time":"6 minutes"},"schema":{"@context":"https:\/\/schema.org","@graph":[{"@type":"WebPage","@id":"https:\/\/www.c-intereg.es\/en\/methodology\/","url":"https:\/\/www.c-intereg.es\/en\/methodology\/","name":"Methodology - C-Intereg","isPartOf":{"@id":"https:\/\/www.c-intereg.es\/en\/#website"},"datePublished":"2018-07-13T12:35:38+00:00","dateModified":"2019-03-15T16:12:44+00:00","breadcrumb":{"@id":"https:\/\/www.c-intereg.es\/en\/methodology\/#breadcrumb"},"inLanguage":"en-US","potentialAction":[{"@type":"ReadAction","target":["https:\/\/www.c-intereg.es\/en\/methodology\/"]}]},{"@type":"BreadcrumbList","@id":"https:\/\/www.c-intereg.es\/en\/methodology\/#breadcrumb","itemListElement":[{"@type":"ListItem","position":1,"name":"Portada","item":"https:\/\/www.c-intereg.es\/en\/"},{"@type":"ListItem","position":2,"name":"Methodology"}]},{"@type":"WebSite","@id":"https:\/\/www.c-intereg.es\/en\/#website","url":"https:\/\/www.c-intereg.es\/en\/","name":"C-Intereg","description":"An\u00e1lisis del comercio interregional espa\u00f1ol","potentialAction":[{"@type":"SearchAction","target":{"@type":"EntryPoint","urlTemplate":"https:\/\/www.c-intereg.es\/en\/?s={search_term_string}"},"query-input":{"@type":"PropertyValueSpecification","valueRequired":true,"valueName":"search_term_string"}}],"inLanguage":"en-US"}]}},"_links":{"self":[{"href":"https:\/\/www.c-intereg.es\/en\/wp-json\/wp\/v2\/pages\/3808","targetHints":{"allow":["GET"]}}],"collection":[{"href":"https:\/\/www.c-intereg.es\/en\/wp-json\/wp\/v2\/pages"}],"about":[{"href":"https:\/\/www.c-intereg.es\/en\/wp-json\/wp\/v2\/types\/page"}],"author":[{"embeddable":true,"href":"https:\/\/www.c-intereg.es\/en\/wp-json\/wp\/v2\/users\/1"}],"replies":[{"embeddable":true,"href":"https:\/\/www.c-intereg.es\/en\/wp-json\/wp\/v2\/comments?post=3808"}],"version-history":[{"count":5,"href":"https:\/\/www.c-intereg.es\/en\/wp-json\/wp\/v2\/pages\/3808\/revisions"}],"predecessor-version":[{"id":4035,"href":"https:\/\/www.c-intereg.es\/en\/wp-json\/wp\/v2\/pages\/3808\/revisions\/4035"}],"wp:attachment":[{"href":"https:\/\/www.c-intereg.es\/en\/wp-json\/wp\/v2\/media?parent=3808"}],"curies":[{"name":"wp","href":"https:\/\/api.w.org\/{rel}","templated":true}]}}